{"id":3336,"date":"2011-10-17T18:54:20","date_gmt":"2011-10-17T22:54:20","guid":{"rendered":"http:\/\/www.hariovaldo.com.br\/site\/?page_id=3336"},"modified":"2011-10-17T18:54:20","modified_gmt":"2011-10-17T22:54:20","slug":"termos-de-colaboracao-com-o-sitio-do-professor-hariovaldo","status":"publish","type":"page","link":"https:\/\/www.hariovaldo.com.br\/site\/termos-de-colaboracao-com-o-sitio-do-professor-hariovaldo\/","title":{"rendered":"Termos de colabora\u00e7\u00e3o com o s\u00edtio do Professor Hariovaldo"},"content":{"rendered":"<ul>\n<li>Se voc\u00ea enviar seu texto para este site significa que voc\u00ea est\u00e1 concordando em colaborar gratuitamente com o mesmo.<\/li>\n<li>Seus textos poder\u00e3o ter a publica\u00e7\u00e3o recusada.<\/li>\n<li><em>Seus textos<\/em> poder\u00e3o ser modificados, cortados, revisados e editados.<\/li>\n<li>Uma vez publicados, os textos\u00a0 e o direitos autorais passar\u00e3o a pertencer ao acervo do site www.hariovaldo.com.br, ficando sujeitos \u00e0s diretrizes do mesmo.<\/li>\n<\/ul>\n<p><strong>Caso n\u00e3o concorde<\/strong> com um ou mais termos de publica\u00e7\u00e3o acima descritos por favor <strong>n\u00e3o envie seus textos<\/strong> para este site.<\/p>\n","protected":false},"excerpt":{"rendered":"<p>Se voc\u00ea enviar seu texto para este site significa que voc\u00ea est\u00e1 concordando em colaborar gratuitamente com o mesmo. Seus textos poder\u00e3o ter a publica\u00e7\u00e3o recusada. Seus textos poder\u00e3o ser modificados, cortados, revisados e editados. Uma vez publicados, os textos\u00a0 e o&hellip;<\/p>\n","protected":false},"author":2,"featured_media":0,"parent":0,"menu_order":0,"comment_status":"open","ping_status":"open","template":"","meta":{"_bbp_topic_count":0,"_bbp_reply_count":0,"_bbp_total_topic_count":0,"_bbp_total_reply_count":0,"_bbp_voice_count":0,"_bbp_anonymous_reply_count":0,"_bbp_topic_count_hidden":0,"_bbp_reply_count_hidden":0,"_bbp_forum_subforum_count":0,"footnotes":""},"class_list":["post-3336","page","type-page","status-publish","hentry"],"jetpack_sharing_enabled":true,"_links":{"self":[{"href":"https:\/\/www.hariovaldo.com.br\/site\/wp-json\/wp\/v2\/pages\/3336","targetHints":{"allow":["GET"]}}],"collection":[{"href":"https:\/\/www.hariovaldo.com.br\/site\/wp-json\/wp\/v2\/pages"}],"about":[{"href":"https:\/\/www.hariovaldo.com.br\/site\/wp-json\/wp\/v2\/types\/page"}],"author":[{"embeddable":true,"href":"https:\/\/www.hariovaldo.com.br\/site\/wp-json\/wp\/v2\/users\/2"}],"replies":[{"embeddable":true,"href":"https:\/\/www.hariovaldo.com.br\/site\/wp-json\/wp\/v2\/comments?post=3336"}],"version-history":[{"count":0,"href":"https:\/\/www.hariovaldo.com.br\/site\/wp-json\/wp\/v2\/pages\/3336\/revisions"}],"wp:attachment":[{"href":"https:\/\/www.hariovaldo.com.br\/site\/wp-json\/wp\/v2\/media?parent=3336"}],"curies":[{"name":"wp","href":"https:\/\/api.w.org\/{rel}","templated":true}]}}